{"id":70,"date":"2013-10-09T18:02:42","date_gmt":"2013-10-09T22:02:42","guid":{"rendered":"https:\/\/www.ise.ufl.edu\/informs\/?page_id=70"},"modified":"2026-01-28T15:46:53","modified_gmt":"2026-01-28T20:46:53","slug":"past-events","status":"publish","type":"page","link":"https:\/\/ise.ufl.edu\/informs\/events\/past-events\/","title":{"rendered":"Past Events"},"content":{"rendered":"\n<div style=\"height:20px\" aria-hidden=\"true\" class=\"wp-block-spacer\"><\/div>\n\n\n\n<h3 class=\"wp-block-heading\">Fall 2025<\/h3>\n\n\n\n<figure class=\"wp-block-table is-style-stripes\">\n<table style=\"width: 95.3043%;height: 730px\">\n<tbody>\n<tr style=\"height: 85px\">\n<td style=\"width: 22.5154%;height: 85px;text-align: center\"><strong>Date<\/strong><\/td>\n<td style=\"width: 17.5022%;height: 85px;text-align: center\"><strong>Time<\/strong><\/td>\n<td style=\"width: 24.4504%;height: 85px;text-align: center\"><strong>Location<\/strong><\/td>\n<td style=\"width: 35.532%;height: 85px;text-align: center\"><strong>Event<\/strong><\/td>\n<\/tr>\n<tr style=\"height: 58px\">\n<td style=\"width: 22.5154%;height: 58px\">Thursday, Sept. 4, 2025<\/td>\n<td style=\"width: 17.5022%;height: 58px;text-align: center\">5:15 pm<\/td>\n<td style=\"width: 24.4504%;height: 58px;text-align: center\">Weil Hall 401E<\/td>\n<td style=\"width: 35.532%;height: 58px\">GBM (<a href=\"https:\/\/drive.google.com\/file\/d\/1ma_1JWpmOYSPQ-w3fT7AZRan4Xh1omUp\/view?usp=drive_link\">Flyer<\/a>), Please <a href=\"https:\/\/forms.gle\/pNYD7yQrNh39dkus8\">RSVP<\/a> for pizza<\/td>\n<\/tr>\n<tr style=\"height: 221px\">\n<td style=\"width: 22.5154%;height: 221px\">Wednesday, Oct. 8, 2025<\/td>\n<td style=\"width: 17.5022%;text-align: center;height: 221px\">11:50am &#8211; 12:50pm<\/td>\n<td style=\"width: 24.4504%;text-align: center;height: 221px\">Weil Hall 401E<\/td>\n<td style=\"width: 35.532%;height: 221px\">\n<p style=\"margin-bottom: 12px\">Seminar: Amirmohammad Ebrahimi (<a href=\"https:\/\/drive.google.com\/file\/d\/1Qie9PSuwbENYovtCEhadT3HhjJ8HraCp\/view?usp=sharing\">Flyer<\/a>)<\/p>\n<p style=\"margin-bottom: 6px\"><strong>Title:<\/strong> <em>Cardinality-Constrained Portfolio Optimization with Clustering<\/em><\/p>\n<\/td>\n<\/tr>\n<tr style=\"height: 98px\">\n<td style=\"width: 22.5154%;height: 98px\">Thursday, Oct. 9, 2025<\/td>\n<td style=\"width: 17.5022%;text-align: center;height: 98px\">5:15 pm<\/td>\n<td style=\"width: 24.4504%;text-align: center;height: 98px\">Weil Hall 401E<\/td>\n<td style=\"width: 35.532%;height: 98px\">SQL\/Data Analytics Tutorial (<a href=\"https:\/\/forms.gle\/ZKsSFiND7pbVb85E9\">RSVP<\/a>) &#8211; <a href=\"https:\/\/drive.google.com\/file\/d\/12bdZcql0IXv6nbLRkvjsXYHgXG9lBlow\/view?usp=sharing\">Flyer<\/a> &#8211; <a href=\"https:\/\/github.com\/tannerstaggs\/uf_informs_sql_tutorial\">GitHub<\/a><\/td>\n<\/tr>\n<tr style=\"height: 102px\">\n<td style=\"width: 22.5154%;height: 102px\">Thursday, Oct. 23, 2025<\/td>\n<td style=\"width: 17.5022%;height: 102px;text-align: center\">6:15 pm<\/td>\n<td style=\"width: 24.4504%;height: 102px;text-align: center\">Weil Hall 406<\/td>\n<td style=\"width: 35.532%;height: 102px\">\n<p><a href=\"https:\/\/www.informs.org\/Meetings-Conferences\/INFORMS-Conference-Calendar\/2025-INFORMS-Annual-Meeting\">INFORMS Annual Meeting<\/a> Graduate Student Talks<\/p>\n<p><a href=\"https:\/\/drive.google.com\/file\/d\/1Jkype3QbvQ4cSTk6SepQrHXjpqTr_4lZ\/view?usp=sharing\">Flyer<\/a> | <a href=\"https:\/\/drive.google.com\/file\/d\/1eHIJlLRiEnWwCHYI47AhHxCWyiC8hQKZ\/view?usp=sharing\">Abstracts<\/a><\/p>\n<p>Potential speakers please <a href=\"https:\/\/forms.gle\/Z4g5vT5aMgXcCFYVA\">RSVP<\/a><\/p>\n<\/td>\n<\/tr>\n<tr style=\"height: 103px\">\n<td style=\"width: 22.5154%;height: 103px\">Saturday, Nov. 8, 2025<\/td>\n<td style=\"width: 17.5022%;text-align: center;height: 103px\">11:00 am<\/td>\n<td style=\"width: 24.4504%;text-align: center;height: 103px\">Lake Wauburg, South Shore<\/td>\n<td style=\"width: 35.532%;height: 103px\">\n<p>ISE BBQ<\/p>\n<p><a href=\"https:\/\/forms.gle\/TXB2kbrAXPjuHs8n7\">RSVP<\/a> | <a href=\"https:\/\/drive.google.com\/file\/d\/1feMgAPhxd_arPEQb-AIPYnaFWMM_vH7f\/view?usp=sharing\">Flyer<\/a><\/p>\n<\/td>\n<\/tr>\n<tr style=\"height: 63px\">\n<td style=\"width: 22.5154%;height: 63px\">Thursday, Nov. 13, 2025<\/td>\n<td style=\"width: 17.5022%;height: 63px;text-align: center\">5:15 pm<\/td>\n<td style=\"width: 24.4504%;height: 63px;text-align: center\">Weil Hall 401E<\/td>\n<td style=\"width: 35.532%;height: 63px\">\n<p>Sports Analytics Seminar &#8211; <a href=\"https:\/\/hhp.ufl.edu\/directory\/scott-nestler\/\">Dr. Scott Nestler<\/a><\/p>\n<p><a href=\"https:\/\/forms.gle\/1NKRz2NZocrE1AY18\">RSVP<\/a> | <a href=\"https:\/\/drive.google.com\/file\/d\/13ygl8Usyd8FmSw50842ISXCeuzOsFtgw\/view?usp=sharing\">Flyer<\/a><\/p>\n<\/td>\n<\/tr>\n<\/tbody>\n<\/table>\n<p>\u00a0<\/p>\n<\/figure>\n<p><!--more--><\/p>\n<p><!--more--><\/p>\n\n\n\n<h3 class=\"wp-block-heading\"><span style=\"color: #000000\">Spring 2025<\/span><\/h3>\n\n\n\n<figure class=\"wp-block-table is-style-stripes\">\n<table style=\"width: 99.5696%;height: 710px\">\n<tbody>\n<tr style=\"height: 85px\">\n<td style=\"width: 230.396px;height: 85px;text-align: center\"><strong>Date<\/strong><\/td>\n<td style=\"width: 175.969px;height: 85px;text-align: center\"><strong>Time<\/strong><\/td>\n<td style=\"width: 177.521px;height: 85px;text-align: center\"><strong>Location<\/strong><\/td>\n<td style=\"width: 431.052px;height: 85px;text-align: center\"><strong>Event<\/strong><\/td>\n<\/tr>\n<tr style=\"height: 58px\">\n<td style=\"width: 230.396px;height: 58px\">Thursday, Jan. 23, 2025<\/td>\n<td style=\"width: 175.969px;height: 58px;text-align: center\">6:15 pm<\/td>\n<td style=\"width: 177.521px;height: 58px;text-align: center\">Weil Hall 406<\/td>\n<td style=\"width: 431.052px;height: 58px\">Spring Kickoff Meeting (<a href=\"https:\/\/drive.google.com\/file\/d\/1XaGKKMISLAOYC4WZUqpU--XNCxG_r0o1\/view?usp=sharing\">Flyer<\/a>)<\/td>\n<\/tr>\n<tr style=\"height: 102px\">\n<td style=\"width: 230.396px;height: 102px\">Thursday, Feb. 6, 2025<\/td>\n<td style=\"width: 175.969px;height: 102px;text-align: center\">6:15 pm<\/td>\n<td style=\"width: 177.521px;height: 102px;text-align: center\">Weil Hall 406<\/td>\n<td style=\"width: 431.052px;height: 102px\"><a href=\"https:\/\/www.kaggle.com\/competitions\/march-machine-learning-mania-2024\/overview\">Kaggle Machine Learning Mania<\/a> Tutorial\n<p>(<a href=\"https:\/\/drive.google.com\/file\/d\/1F3a5z3Xtt2-OJOyC6NuJq-lyLLnBtimZ\/view?usp=share_link\">Slides<\/a>\u00a0\u00a0 \u00a0\u00a0 <a href=\"https:\/\/docs.google.com\/forms\/d\/e\/1FAIpQLScmbksYr3BeOyKZjZ0ZpC3zBYvY_Wbm5dJhIyLsM1cRMDypxA\/viewform?usp=sharing\">Registration link<\/a>)<\/p>\n<\/td>\n<\/tr>\n<tr style=\"height: 63px\">\n<td style=\"width: 230.396px;height: 63px\">Thursday, Feb. 20, 2025<\/td>\n<td style=\"width: 175.969px;height: 63px;text-align: center\">6:15 pm<\/td>\n<td style=\"width: 177.521px;height: 63px;text-align: center\">Weil Hall 406<\/td>\n<td style=\"width: 431.052px;height: 63px\">Seminar &#8211; <a href=\"https:\/\/corelab.mae.ufl.edu\/fina.html\">Luke Fina<\/a>\u00a0 \u00a0 \u00a0 (<a href=\"https:\/\/drive.google.com\/file\/d\/1eh7PtbHYsoDa9yFIXaa8_6hafPsGdNj_\/view?usp=sharing\">Flyer<\/a>)<\/td>\n<\/tr>\n<tr style=\"height: 194px\">\n<td style=\"width: 230.396px;height: 194px\">Thursday, Apr. 3, 2025<\/td>\n<td style=\"width: 175.969px;height: 194px;text-align: center\">6:15 pm<\/td>\n<td style=\"width: 177.521px;height: 194px;text-align: center\">Weil Hall 406<\/td>\n<td style=\"width: 431.052px;height: 194px\">Job Market Panel(<a href=\"https:\/\/drive.google.com\/file\/d\/1ryShK7m9R8geTUFaZ3MzFmUJSMJ_ShxE\/view?usp=sharing\">Flyer<\/a>)<br \/><em style=\"font-size: 16px\"><strong>Guests (alphabetical order)<\/strong>: <a href=\"https:\/\/akazachk.github.io\/\">Dr. Aleksandr M. Kazachkov<\/a>, <a href=\"https:\/\/ccie.ucf.edu\/person\/jaeyoung-park\/\">Dr. Jaeyoung Park<\/a>, <a href=\"https:\/\/faculty.eng.ufl.edu\/sefair\/\" data-type=\"link\" data-id=\"https:\/\/faculty.eng.ufl.edu\/sefair\/\">Dr. Jorge A. Sefair<\/a>, Dr. Murwan Siddig, <a href=\"https:\/\/sites.google.com\/view\/yu-yang\">Dr. Yu Yang<\/a>, <a href=\"https:\/\/engineering.lehigh.edu\/faculty\/meng-zhao\">Dr. Meng Zhao<\/a><\/em><\/td>\n<\/tr>\n<tr style=\"height: 115px\">\n<td style=\"width: 230.396px;height: 115px\">Friday, Apr. 11, 2025<\/td>\n<td style=\"width: 175.969px;text-align: center;height: 115px\">3:30 pm<\/td>\n<td style=\"width: 177.521px;text-align: center;height: 115px\">Weil Hall 301<\/td>\n<td style=\"width: 431.052px;height: 115px\">\n<p>Graduate Student Meeting with Dr. <a class=\"GAuSPc\" href=\"https:\/\/sites.google.com\/site\/burakkocuk\/home?authuser=0\" aria-hidden=\"false\"><span class=\"QTKDff\">Burak Kocuk<br \/><\/span><\/a><span class=\"QTKDff\">(Reading group 9:00-10:00am at Weil 401E)<\/span><\/p>\n<\/td>\n<\/tr>\n<tr style=\"height: 93px\">\n<td style=\"width: 230.396px;height: 93px\">Thursday, Apr. 24, 2025<\/td>\n<td style=\"width: 175.969px;text-align: center;height: 93px\">4:00 pm<\/td>\n<td style=\"width: 177.521px;text-align: center;height: 93px\">Weil Hall 406<\/td>\n<td style=\"width: 431.052px;height: 93px\">\n<p>INFORMS Student Chapter Officer Election<br \/><span class=\"QTKDff\">(<a href=\"https:\/\/forms.gle\/u3tUgR9v57FbCfXj9\">Interest Form<\/a>)<\/span><\/p>\n<\/td>\n<\/tr>\n<\/tbody>\n<\/table>\n<\/figure>\n\n\n\n<h3 class=\"wp-block-heading\"><span style=\"color: #000000\">Fall 2024<\/span><\/h3>\n\n\n\n<figure class=\"wp-block-table is-style-stripes\"><table><tbody><tr><td><span style=\"color: #000000\"><strong>Date<\/strong><\/span><\/td><td><span style=\"color: #000000\"><strong>Time<\/strong><\/span><\/td><td><span style=\"color: #000000\"><strong>Location<\/strong><\/span><\/td><td><span style=\"color: #000000\"><strong>Event<\/strong><\/span><\/td><\/tr><tr><td><span style=\"color: #000000\">Wednesday, Sept. 4, 2024<\/span><\/td><td><span style=\"color: #000000;font-size: 12pt\">5:15pm<\/span><\/td><td><span style=\"color: #000000;font-size: 12pt\">Weil Hall 401E<\/span><\/td><td><span style=\"color: #000000;font-size: 12pt\">General body meeting<\/span><\/td><\/tr><tr><td><span style=\"color: #000000;font-size: 12pt\">Wednesday, Oct. 2, 2024<\/span><\/td><td><font color=\"#000000\"><span style=\"font-size: 16px\">5:15<\/span><\/font><span style=\"color: #000000;font-size: 12pt\"> pm<\/span><\/td><td><span style=\"color: #000000;font-size: 12pt\">Weil Hall 401E<\/span><\/td><td><span style=\"color: #000000;font-size: 12pt\">Tutorial &#8211; &#8220;Using Gurobi with Python&#8221;<\/span><br><span style=\"color: #000000;font-size: 12pt\">File: <a style=\"color: #000000\" href=\"https:\/\/drive.google.com\/file\/d\/1LCF22SYD9HxdQavKnl-KdXKjGS-GtACf\/view?usp=sharing\">slides<\/a>, <a style=\"color: #000000\" href=\"https:\/\/drive.google.com\/file\/d\/1TbjY_Rsa9hOiWiKkiZYD31lSNACRWppD\/view?usp=sharing\">code<\/a><\/span><\/td><\/tr><tr><td><span style=\"color: #000000;font-size: 12pt\">Wednesday, Oct. 16, 2024<\/span><\/td><td><span style=\"color: #000000\">4:00 pm<\/span><\/td><td><span style=\"color: #000000;font-size: 12pt\">Weil Hall 401E<\/span><\/td><td><span style=\"color: #000000;font-size: 12pt\">Seminar &#8211; <a style=\"color: #000000\" href=\"https:\/\/gonzalomunoz.org\/\">Dr. Gonzalo Mu\u00f1oz<\/a> (co-hosted with <a style=\"color: #000000\" href=\"https:\/\/www.ise.ufl.edu\/cao\/\">CAO<\/a>)<\/span><br><span style=\"color: #000000;font-size: 12pt\">( Dinner with speaker: Oct. 15, 2024, 5:30 pm, One Love Cafe )<\/span><\/td><\/tr><tr><td><span style=\"font-size: 12pt;color: #000000\">Wednesday, Oct. 16, 2024<\/span><\/td><td><span style=\"color: #000000\">5:15 pm<\/span><\/td><td><span style=\"font-size: 12pt;color: #000000\">Weil Hall 401E<\/span><\/td><td>\n<p><span style=\"color: #000000;font-size: 12pt\">Preview of UF&#8217;s INFORMS talks<\/span><br><span style=\"color: #000000\"><span style=\"font-size: 12pt\">Zoe Long: How ChatGPT can support learning from a student\u2019s perspective.<\/span><\/span><\/p>\n<\/td><\/tr><tr><td><span style=\"font-size: 12pt;color: #000000\">Wednesday, Nov 20, 2024<\/span><\/td><td><span style=\"color: #000000\">5:15 pm<\/span><\/td><td><span style=\"font-size: 12pt;color: #000000\">Weil Hall 401E<\/span><\/td><td><span style=\"font-size: 12pt;color: #000000\">Seminar &#8211; <a style=\"color: #000000\" href=\"https:\/\/www.che.ufl.edu\/people\/faculty\/name\/juan-manuel-restrepo-florez\/\">Dr. Juan Manuel Restrepo-Fl\u00f3rez<\/a><\/span><br><span style=\"font-size: 12pt;color: #000000\"><a style=\"color: #000000\" href=\"https:\/\/drive.google.com\/file\/d\/1kyaUvyPMzOzznSV7CPN-csG6iWpaOrL5\/view?usp=sharing\">Flyer<\/a>&nbsp; &nbsp; <a style=\"color: #000000\" href=\"https:\/\/docs.google.com\/forms\/d\/e\/1FAIpQLScemsd9albJheeTrCutS5OQJE6l26Qk5ZGG6b_s3MBxsDPVIw\/viewform\">RSVP for Pizza<\/a><\/span><\/td><\/tr><tr><td><span style=\"color: #000000\">Friday, Dec 6, 2024<\/span><\/td><td><span style=\"color: #000000\">3:30 pm<\/span><\/td><td><span style=\"color: #000000\">Weil Hall 401E<\/span><\/td><td><span style=\"color: #000000\">Info session for the <a style=\"color: #000000\" href=\"http:\/\/www.leagueofrobotrunners.org\">League of Robot Runners (LoRR)<\/a><\/span><br><span style=\"font-size: 12pt;color: #000000\">* RSVP required: <a style=\"color: #000000\" href=\"https:\/\/forms.gle\/5RiAuctYFwqP1tHSA\">link<\/a><\/span><\/td><\/tr><\/tbody><\/table><\/figure>\n\n\n\n<div style=\"height:20px\" aria-hidden=\"true\" class=\"wp-block-spacer\"><\/div>\n\n\n\n<h3 class=\"wp-block-heading\">Spring 2024<\/h3>\n\n\n\n<figure class=\"wp-block-table is-style-stripes\"><table><tbody><tr><td><strong>Date<\/strong><\/td><td><strong>Time<\/strong><\/td><td><strong>Location<\/strong><\/td><td><strong>Event<\/strong><\/td><\/tr><tr><td>Friday, Feb. 2, 2024<\/td><td>11:30 am<\/td><td>Weil 406<\/td><td>Meeting with Dr. Batta (University at Buffalo)<\/td><\/tr><tr><td>Friday, Mar. 1, 2024<\/td><td>3:00 pm\u20134:00 pm<\/td><td>Turlington L005<\/td><td>Sports Analytics Highlight: Guest Speaker Grant Rhines (Orlando City SC)<\/td><\/tr><tr><td>Friday, Mar. 8, 2024<\/td><td>11:30 am<\/td><td>Weil 406<\/td><td>Meeting with Dr. K\u00fc\u00e7\u00fckyavuz (Northwestern)<\/td><\/tr><\/tbody><\/table><\/figure>\n\n\n\n<div style=\"height:20px\" aria-hidden=\"true\" class=\"wp-block-spacer\"><\/div>\n\n\n\n<h3 class=\"wp-block-heading\">Fall 2023<\/h3>\n\n\n\n<figure class=\"wp-block-table\"><table class=\"has-fixed-layout\"><tbody><tr><td><strong>Date<\/strong><\/td><td><strong>Time<\/strong><\/td><td><strong>Location<\/strong><\/td><td><strong>Event<\/strong><\/td><\/tr><tr><td>Friday, Sept. 8, 2023<\/td><td>9:30 am<\/td><td>Weil 406<\/td><td>General body meeting #1<\/td><\/tr><tr><td>Friday, Sept. 8, 2023<\/td><td>10:00 am<\/td><td>Weil 406<\/td><td>Meeting with Dr. Atamt\u00fcrk (Berkeley)<\/td><\/tr><\/tbody><\/table><\/figure>\n\n\n\n<div style=\"height:20px\" aria-hidden=\"true\" class=\"wp-block-spacer\"><\/div>\n\n\n\n<h3 class=\"wp-block-heading\">&nbsp;Spring 2023<\/h3>\n\n\n\n<figure class=\"wp-block-table is-style-stripes\"><table><tbody><tr><td><strong>Date<\/strong><\/td><td><strong>Time<\/strong><\/td><td><strong>Location<\/strong><\/td><td><strong>Event<\/strong><\/td><\/tr><tr><td>January 20, 2023<\/td><td>5:00 pm<\/td><td>Weil 406<\/td><td>General body meeting #3<\/td><\/tr><tr><td>February 8, 2023<\/td><td>11:45 am<\/td><td>Weil 401E<\/td><td>Undergraduate research presentation: TJ Jefferson and Kayla Oatesle.&nbsp;<\/td><\/tr><tr><td>April 6, 2023<\/td><td>6:00 pm<\/td><td>Piesanos on University Ave.<\/td><td>General body meeting #4 and joint social with HFES &amp; ISE GSO<\/td><\/tr><tr><td>April 14, 2023<\/td><td>5:00 pm<\/td><td>Weil 406<\/td><td>General body meeting #5: elections<\/td><\/tr><\/tbody><\/table><\/figure>\n\n\n\n<p>&nbsp;<\/p>\n\n\n\n<h3 class=\"wp-block-heading\">Fall 2022<\/h3>\n\n\n\n<figure class=\"wp-block-table is-style-stripes\"><table><tbody><tr><td><strong>Date<\/strong><\/td><td><strong>Time<\/strong><\/td><td><strong>Location<\/strong><\/td><td><strong>Event<\/strong><\/td><\/tr><tr><td>August 22, 2022<\/td><td>11:45 am<\/td><td>Weil 406<\/td><td>Presentation at Graduate Student Orientation<\/td><\/tr><tr><td>September 2, 2022<\/td><td>11:00 am<\/td><td>Weil 401<\/td><td>Meeting with seminar speaker Catia Silva<\/td><\/tr><tr><td>September 2, 2022<\/td><td>3:30 pm<\/td><td>Weil 406<\/td><td>Executive board meeting<\/td><\/tr><tr><td>September 2, 2022<\/td><td>4:00 pm<\/td><td>Weil 406<\/td><td>General body meeting #1, chapter introduction<\/td><\/tr><tr><td>September 9, 2022<\/td><td>10:00 am<\/td><td>Weil 401<\/td><td>Reading group and meeting with seminar speaker Rakesh Nagi<\/td><\/tr><tr><td>September 16, 2022<\/td><td>11:00 am<\/td><td>Weil 406<\/td><td>Meeting with seminar speaker Matthew Hale<\/td><\/tr><tr><td>October 28, 2022<\/td><td>11:00 am<\/td><td>Weil 406<\/td><td>Reading group and meeting with seminar speaker Karen Smilowitz<\/td><\/tr><tr><td>November 4, 2022<\/td><td>4:00 pm<\/td><td>Weil 406<\/td><td>General body meeting #2, vice president ad hoc election, statement of purpose peer review<\/td><\/tr><tr><td>November 18, 2022<\/td><td>11:00 am<\/td><td>Weil 406<\/td><td>Reading group and meeting with seminar speaker Jay Sethuraman<\/td><\/tr><\/tbody><\/table><\/figure>\n\n\n\n<p>&nbsp;<\/p>\n\n\n\n<div style=\"height:20px\" aria-hidden=\"true\" class=\"wp-block-spacer\"><\/div>\n\n\n\n<h3 class=\"wp-block-heading\">Spring 2022<\/h3>\n\n\n\n<figure class=\"wp-block-table is-style-stripes\"><table><tbody><tr><td><strong>Date<\/strong><\/td><td><strong>Time<\/strong><\/td><td><strong>Location<\/strong><\/td><td><strong>Event<\/strong><\/td><\/tr><tr><td>Friday, January 7, 2022<\/td><td>11:00 am<\/td><td>Weil 401<\/td><td>Meeting with seminar speaker, Cole Smith (Syracuse)<\/td><\/tr><tr><td>Friday, January 14, 2022<\/td><td>11:00 am<\/td><td>Weil 401<\/td><td>Meeting with seminar speaker, Tom Sharkey (Clemson)<\/td><\/tr><tr><td>Friday, January 14, 2022<\/td><td>5:00 pm<\/td><td>Weil 406<\/td><td>General Body Meeting, Chapter Introduction<\/td><\/tr><tr><td>Friday, January 28, 2022<\/td><td>11:00 am<\/td><td>Weil 401<\/td><td>Meeting with seminar speaker, Kevin Taaffe (Clemson)<\/td><\/tr><tr><td>Friday, February 11, 2022<\/td><td>4:00 pm<\/td><td>Weil 406<\/td><td>Seminar: Anton Hinneck, Topology Control in Power Systems<\/td><\/tr><tr><td>Friday, February 11, 2022<\/td><td>5:00 pm<\/td><td>Weil 406<\/td><td>General Body Meeting, Mentoring Program<\/td><\/tr><tr><td>Friday, February 18, 2022<\/td><td>10:00 am<\/td><td>Weil 303<\/td><td>Meeting with seminar speaker, Natarajan Gautam (Syracuse)<\/td><\/tr><tr><td>Friday, February 25, 2022<\/td><td>11:00 am<\/td><td>Weil 401<\/td><td>Meeting with seminar speaker, Jorge Sefair (ASU)<\/td><\/tr><tr><td>Friday, March 4, 2022<\/td><td>11:00 am<\/td><td>Weil 401<\/td><td>Meeting with seminar speaker, Phebe Vayanos (USC)<\/td><\/tr><tr><td>Friday, March 11, 2022<\/td><td>5:00 pm<\/td><td>Weil 406<\/td><td>General Body Meeting<\/td><\/tr><tr><td>Thursday, March 17, 2022<\/td><td>12:00 pm<\/td><td>Weil 401<\/td><td>Seminar: Hamidreza Validi (Postdoc at Rice), Formulations of the max k-cut problem on classical and quantum computers<\/td><\/tr><tr><td>Friday, March 18, 2022<\/td><td>11:00 am<\/td><td>Weil 401<\/td><td>Meeting with seminar speaker, Laura Albert (UW-Madison)<\/td><\/tr><tr><td>Friday, March 25, 2022<\/td><td>11:00 am<\/td><td>Weil 401<\/td><td>Meeting with seminar speaker, Sam Burer (U. Iowa)<\/td><\/tr><tr><td>Friday, April 8, 2022<\/td><td>11:00 am<\/td><td>Weil 401<\/td><td>Meeting with seminar speaker, Edwin Romeijn (Georgia Tech)<\/td><\/tr><tr><td>Friday, April 15, 2022<\/td><td>11:00 am<\/td><td>Weil 401<\/td><td>Meeting with seminar speaker, Nurcin Celik (U. Miami)<\/td><\/tr><tr><td>Friday, April 15, 2022<\/td><td>5:00 pm<\/td><td>Weil 406<\/td><td>General Body Meeting, Elections, Potluck, Screening+Discussion of <em>Coded Bias<\/em><\/td><\/tr><\/tbody><\/table><\/figure>\n\n\n\n<p>&nbsp;<\/p>\n","protected":false},"excerpt":{"rendered":"<p>Fall 2025 Date Time Location Event Thursday, Sept. 4, 2025 5:15 pm Weil Hall 401E GBM (Flyer), Please RSVP for pizza Wednesday, Oct. 8, 2025 11:50am &#8211; 12:50pm Weil Hall 401E Seminar: Amirmohammad Ebrahimi (Flyer) Title: Cardinality-Constrained Portfolio Optimization with Clustering Thursday, Oct. 9, 2025 5:15 pm Weil Hall 401E SQL\/Data Analytics Tutorial (RSVP) &#8211; [&hellip;]<\/p>\n","protected":false},"author":17,"featured_media":0,"parent":20,"menu_order":0,"comment_status":"closed","ping_status":"closed","template":"page-templates\/page-sidebar-none.php","meta":{"_acf_changed":false,"inline_featured_image":false,"featured_post":"","footnotes":"","_links_to":"","_links_to_target":""},"class_list":["post-70","page","type-page","status-publish","hentry"],"acf":[],"_links":{"self":[{"href":"https:\/\/ise.ufl.edu\/informs\/wp-json\/wp\/v2\/pages\/70","targetHints":{"allow":["GET"]}}],"collection":[{"href":"https:\/\/ise.ufl.edu\/informs\/wp-json\/wp\/v2\/pages"}],"about":[{"href":"https:\/\/ise.ufl.edu\/informs\/wp-json\/wp\/v2\/types\/page"}],"author":[{"embeddable":true,"href":"https:\/\/ise.ufl.edu\/informs\/wp-json\/wp\/v2\/users\/17"}],"replies":[{"embeddable":true,"href":"https:\/\/ise.ufl.edu\/informs\/wp-json\/wp\/v2\/comments?post=70"}],"version-history":[{"count":6,"href":"https:\/\/ise.ufl.edu\/informs\/wp-json\/wp\/v2\/pages\/70\/revisions"}],"predecessor-version":[{"id":835,"href":"https:\/\/ise.ufl.edu\/informs\/wp-json\/wp\/v2\/pages\/70\/revisions\/835"}],"up":[{"embeddable":true,"href":"https:\/\/ise.ufl.edu\/informs\/wp-json\/wp\/v2\/pages\/20"}],"wp:attachment":[{"href":"https:\/\/ise.ufl.edu\/informs\/wp-json\/wp\/v2\/media?parent=70"}],"curies":[{"name":"wp","href":"https:\/\/api.w.org\/{rel}","templated":true}]}}